{"id":14,"date":"2022-11-14T21:57:32","date_gmt":"2022-11-14T20:57:32","guid":{"rendered":"https:\/\/stiftwilhering.at\/shop\/?page_id=14"},"modified":"2023-06-15T08:59:27","modified_gmt":"2023-06-15T06:59:27","slug":"agb","status":"publish","type":"page","link":"https:\/\/stiftwilhering.at\/shop\/agb\/","title":{"rendered":"AGB"},"content":{"rendered":"<h1>Allgemeine Gesch\u00e4ftsbedingungen<\/h1>\n<h3>\u00a7 1 Geltungsbereich<\/h3>\n<p>(1) Diese Allgemeinen Gesch\u00e4ftsbedingungen (nachfolgend \u201eAGB\u201c) des Stiftes Wilhering Kulturzentrum (nachfolgend \u201eVerk\u00e4ufer\u201c), gelten f\u00fcr alle Vertr\u00e4ge, die ein Verbraucher oder Unternehmer (nachfolgend \u201eKunde\u201c) mit dem Verk\u00e4ufer hinsichtlich der vom Verk\u00e4ufer in seinem Online-Shop dargestellten Waren und\/oder Leistungen abschlie\u00dft. Hiermit wird der Einbeziehung von eigenen Bedingungen des Kunden widersprochen, es sein denn, es ist etwas anderes vereinbart.<\/p>\n<p>(2) Verbraucher im Sinne dieser AGB ist jede nat\u00fcrliche Person, die ein Rechtsgesch\u00e4ft zu Zwecken abschlie\u00dft, die \u00fcberwiegend weder ihrer gewerblichen noch ihrer selbst\u00e4ndigen beruflichen T\u00e4tigkeit zugerechnet werden k\u00f6nnen. Unternehmer im Sinne dieser AGB ist eine nat\u00fcrliche oder juristische Person oder eine rechtsf\u00e4hige Personengesellschaft, die bei Abschluss eines Rechtsgesch\u00e4ftes in Aus\u00fcbung ihrer gewerblichen oder selbst\u00e4ndigen beruflichen T\u00e4tigkeit handelt.<\/p>\n<h3>\u00a7 2 Vertragsabschluss<\/h3>\n<p>(1) Die folgenden Regelungen \u00fcber den Vertragsabschluss gelten f\u00fcr Bestellungen \u00fcber unseren Online-Shop unter https:\/\/stiftwilhering.at\/shop.<\/p>\n<p>(2) Unsere Produktdarstellungen im Internet sind unverbindlich und kein verbindliches Angebot zum Abschluss eines Vertrages.<\/p>\n<p>(3) Bei Eingang einer Bestellung in unserem Online-Shop gelten folgende Regelungen: Der Kunde gibt ein bindendes Vertragsangebot ab, indem er die in unserem Online-Shop vorgesehene Bestellprozedur erfolgreich durchl\u00e4uft. Die Bestellung erfolgt in folgenden Schritten:<\/p>\n<ol>\n<li>Auswahl der gew\u00fcnschten Ware,<\/li>\n<li>Hinzuf\u00fcgen der Produkte durch Anklicken des entsprechenden Buttons (z.B. \u201eIn den Warenkorb\u201c, \u201eIn die Einkaufstasche\u201c o.\u00e4.),<\/li>\n<li>Pr\u00fcfung der Angaben im Warenkorb,<\/li>\n<li>Aufrufen der Bestell\u00fcbersicht durch Anklicken des entsprechenden Buttons (z.B. \u201eWeiter zur Kasse\u201c, \u201eWeiter zur Zahlung\u201c, \u201eZur Bestell\u00fcbersicht\u201c o.\u00e4.),<\/li>\n<li>Eingabe\/Pr\u00fcfung der Adress- und Kontaktdaten, Auswahl der Zahlungsart, Best\u00e4tigung der AGB und Widerrufsbelehrung,<\/li>\n<li>Sofern die vereinbarte Beschaffenheit der Ware von deren \u00fcblichen Beschaffenheit und Verwendungsvoraussetzungen abweicht, Best\u00e4tigung einer negativen Beschaffenheitsvereinbarung,<\/li>\n<li>Abschluss der Bestellung durch Bet\u00e4tigung des Buttons \u201eJetzt kaufen\u201c. Dies stellt Ihre verbindliche Bestellung dar.<\/li>\n<li>Der Vertrag kommt zustande, indem Ihnen innerhalb von drei Werktagen an die angegebene E-Mail-Adresse eine Bestellbest\u00e4tigung von uns zugeht.<\/li>\n<\/ol>\n<p>(4) Im Falle des Vertragsschlusses kommt der Vertrag mit\u00a0Zisterzienserstift Wilhering, Linzer Stra\u00dfe 4, 4073 Wilhering, \u00d6sterreich zustande.<\/p>\n<p>(5) Vor der Bestellung k\u00f6nnen die Vertragsdaten \u00fcber die Druckfunktion des Browsers ausgedruckt oder elektronisch gesichert werden. Die Abwicklung der Bestellung und \u00dcbermittlung aller im Zusammenhang mit dem Vertragsschluss erforderlichen Informationen, insbesondere der Bestelldaten, der AGB und der Widerrufsbelehrung, erfolgt per E-Mail nach dem Ausl\u00f6sen der Bestellung durch Sie, zum Teil automatisiert. Wir speichern den Vertragstext nach Vertragsschluss nicht.<\/p>\n<p>(6) Eingabefehler k\u00f6nnen mittels der \u00fcblichen Tastatur-, Maus- und Browser-Funktionen (z.B. \u00bbZur\u00fcck-Button\u00ab des Browsers) berichtigt werden. Sie k\u00f6nnen auch dadurch berichtigt werden, dass Sie den Bestellvorgang vorzeitig abbrechen, das Browserfenster schlie\u00dfen und den Vorgang wiederholen.<\/p>\n<p>(7) Die Abwicklung der Bestellung und \u00dcbermittlung aller im Zusammenhang mit dem Vertragsschluss erforderlichen Informationen erfolgt per E-Mail zum Teil automatisiert. Sie haben deshalb sicherzustellen, dass die von Ihnen bei uns hinterlegte E-Mail-Adresse zutreffend ist, der Empfang der E-Mails technisch sichergestellt und insbesondere nicht durch SPAM-Filter verhindert wird<\/p>\n<h3>\u00a7 3 Liefer- und Versandbedingungen<\/h3>\n<p>(1) Lieferbeschr\u00e4nkungen<\/p>\n<p>Der Webshop ist auf \u00d6sterreich ausgerichtet. Wir liefern ausschlie\u00dflich an Lieferadressen in innerhalb von \u00d6sterreich.<\/p>\n<p>(2) Lieferzeitraum<\/p>\n<p>Wenn nicht anders vereinbart, liefern wird innerhalb von 9 Tagen nach unserer Best\u00e4tigung des geschlossenen Vertrages. Bei Vorauszahlung beginnt die Lieferfrist mit Eingang des Betrages auf unser Konto. Auf abweichende Lieferzeiten weisen wir auf der jeweiligen Produktseite hin.<\/p>\n<p>(3) Selbstabholung<\/p>\n<p>Wenn Sie Selbstabholung vereinbart haben, k\u00f6nnen Sie Ihre gekauften Waren an folgender Adresse selbst abholen: Stift Wilhering Kulturzentrum, Linzer Stra\u00dfe 4, 4073 Wilhering. Aktuelle \u00d6ffnungszeiten entnehmen Sie bitte unserer Homepage: <a href=\"http:\/\/www.stiftwilhering.at\">www.stiftwilhering.at<\/a><\/p>\n<p>Sie werden von uns per Mail verst\u00e4ndigt, ab wann die Ware abholbereit ist. Die Ware ist sodann 14 Tage abholbereit.<\/p>\n<p>(4) Annahmeverzug<\/p>\n<p>Wird die Ware nicht innerhalb der Abholfrist abgeholt, wird der Kunde nochmals per E-Mail verst\u00e4ndigt und es wird eine Nachfrist von 7 Tagen gesetzt. Nach Verstreichen der Nachfrist k\u00f6nnen wir vom Kaufvertrag zur\u00fccktreten. Der Kunde wird von unserem R\u00fccktritt per E-Mail verst\u00e4ndigt. Der Kunde erh\u00e4lt diesfalls eine Gutschrift in H\u00f6he der get\u00e4tigten Zahlungen.<\/p>\n<h3>\u00a7 4 Preise, Versandkosten und Zahlungsbedingungen<\/h3>\n<p>(1) Sofern sich aus der Produktbeschreibung des Verk\u00e4ufers nicht anderes ergibt, handelt es sich bei den angegebenen Preisen um Gesamtpreis, die die gesetzliche Umsatzsteuer enthalten. Gegebenenfalls zus\u00e4tzlich anfallende Liefer- und Versandkosten werden in der jeweiligen Produktbeschreibung gesondert angegeben.<\/p>\n<p>(2) Dem Kunden stehen verschiedene Zahlungsm\u00f6glichkeiten zur Verf\u00fcgung, die im Online-Shop des Verk\u00e4ufers angegeben werden.<\/p>\n<p>(3) Ist Vorauskasse vereinbart, ist die Zahlung sofort nach Vertragsabschluss f\u00e4llig.<\/p>\n<h3>\u00a7 5 R\u00fccktrittsrecht (Widerrufsrecht)<\/h3>\n<p>(1) Verbrauchern steht grunds\u00e4tzlich ein R\u00fccktrittsrecht (Widerrufsrecht) zu.<\/p>\n<p>(2) N\u00e4here Informationen zum R\u00fccktrittsrecht (Widerrufsrecht) ergeben sich aus der R\u00fccktrittsbelehrung (Widerrufsbelehrung) des Verk\u00e4ufers.<\/p>\n<p>(3) Nicht bestehendes R\u00fccktrittsrecht (Widerrufsrecht)<br \/>\nF\u00fcr Waren, die nach Kundenspezifikationen angefertigt werden oder eindeutig auf die pers\u00f6nlichen Bed\u00fcrfnisse zugeschnitten sind, besteht kein R\u00fccktrittsrecht (Widerrufsrecht).<\/p>\n<p>F\u00fcr Waren, die schnell verderben k\u00f6nnen oder deren Verfallsdatum schnell \u00fcberschritten w\u00fcrde, besteht kein R\u00fccktrittsrecht (Widerrufsrecht).<\/p>\n<p>F\u00fcr Zeitungen, Zeitschriften, Illustrierte und B\u00fccher besteht kein R\u00fccktrittsrecht (Widerrufsrecht).<\/p>\n<p>(4) Entfallendes R\u00fccktrittsrecht (Widerrufsrecht)<\/p>\n<p>F\u00fcr Waren, die versiegelt geliefert werden und aus Gr\u00fcnden des Gesundheitsschutzes oder aus Hygienegr\u00fcnden nicht zur R\u00fcckgabe geeignet sind, entf\u00e4llt das R\u00fccktrittsrecht (Widerrufsrecht), wenn die Waren nach der Lieferung entsiegelt worden sind.<\/p>\n<p>F\u00fcr Ton- oder Videoaufzeichnungen wie CDs, DVDs etc. sowie f\u00fcr Computersoftware die in einer versiegelten Packung geliefert werden, entf\u00e4llt das R\u00fccktrittsrecht (Widerrufsrecht), wenn die Waren nach der Lieferung entsiegelt worden sind.<\/p>\n<p>F\u00fcr Waren, die nach ihrer Lieferung auf Grund ihrer Beschaffenheit untrennbar mit anderen G\u00fctern vermischt worden sind, entf\u00e4llt das Widerrufsrecht (R\u00fccktrittsrecht).<\/p>\n<h3>\u00a7 6 Gesetzliche Gew\u00e4hrleistung<\/h3>\n<p>Es gelten die Bestimmungen \u00fcber die gesetzliche Gew\u00e4hrleistung. Die Gew\u00e4hrleistungsfrist betr\u00e4gt bei der Lieferung beweglicher Sachen zwei Jahre ab \u00dcbernahme der Ware.<\/p>\n<p>Reklamationen auf Grund gesetzlicher Gew\u00e4hrleistungsanspr\u00fcche oder sonstige Beschwerden k\u00f6nnen unter den im Impressum genannten Kontaktdaten geltend gemacht werden.<\/p>\n<p>\u00dcber die gesetzliche Gew\u00e4hrleistung hinaus gew\u00e4hren wir keine eigenen Garantien. Die n\u00e4heren Bedingungen allf\u00e4lliger Herstellergarantien finden Sie gegebenenfalls bei den jeweiligen Waren.<\/p>\n<h3>\u00a7 7 Eigentumsvorbehalt<\/h3>\n<p>(1) Die Ware bleibt bis zur vollst\u00e4ndigen Bezahlung unser Eigentum.<\/p>\n<p>(2) Im Falle des Zahlungsverzuges des Kunden sind wir berechtigt, unsere Rechte aus dem Eigentumsvorbehalt geltend zu machen.<\/p>\n<p>Es wird vereinbart, dass in der Geltendmachung des Eigentumsvorbehalts kein R\u00fccktritt vom Vertrag liegt, au\u00dfer wir erkl\u00e4ren den R\u00fccktritt vom Vertrag ausdr\u00fccklich.<\/p>\n<h3>\u00a7 8 Kontaktdaten f\u00fcr Kundenbeschwerden<\/h3>\n<p>Verbraucher haben auch die M\u00f6glichkeit, sich an die Online-Streitbeilegungsplattform der EU zu wenden: <a href=\"https:\/\/ec.europa.eur\/odr\">https:\/\/ec.europa.eur\/odr<\/a><\/p>\n<p>Sie k\u00f6nnen Ihre Beschwerde auch direkt bei uns bei folgender E-Mail-Adresse einbringen: <a href=\"mailto:benediktsaal@sgwilhering.at\">benediktsaal@sgwilhering.at<\/a><\/p>\n","protected":false},"excerpt":{"rendered":"<p>Allgemeine Gesch\u00e4ftsbedingungen \u00a7 1 Geltungsbereich (1) Diese Allgemeinen Gesch\u00e4ftsbedingungen (nachfolgend \u201eAGB\u201c) des Stiftes Wilhering Kulturzentrum (nachfolgend \u201eVerk\u00e4ufer\u201c), gelten f\u00fcr alle Vertr\u00e4ge, die ein Verbraucher oder Unternehmer (nachfolgend \u201eKunde\u201c) mit dem Verk\u00e4ufer hinsichtlich der vom Verk\u00e4ufer in seinem Online-Shop dargestellten Waren und\/oder Leistungen abschlie\u00dft. Hiermit wird der Einbeziehung von eigenen Bedingungen des Kunden widersprochen, es sein [&hellip;]<\/p>\n","protected":false},"author":1,"featured_media":0,"parent":0,"menu_order":0,"comment_status":"closed","ping_status":"closed","template":"template-fullwidth.php","meta":{"footnotes":""},"class_list":["post-14","page","type-page","status-publish","hentry"],"_links":{"self":[{"href":"https:\/\/stiftwilhering.at\/shop\/wp-json\/wp\/v2\/pages\/14","targetHints":{"allow":["GET"]}}],"collection":[{"href":"https:\/\/stiftwilhering.at\/shop\/wp-json\/wp\/v2\/pages"}],"about":[{"href":"https:\/\/stiftwilhering.at\/shop\/wp-json\/wp\/v2\/types\/page"}],"author":[{"embeddable":true,"href":"https:\/\/stiftwilhering.at\/shop\/wp-json\/wp\/v2\/users\/1"}],"replies":[{"embeddable":true,"href":"https:\/\/stiftwilhering.at\/shop\/wp-json\/wp\/v2\/comments?post=14"}],"version-history":[{"count":5,"href":"https:\/\/stiftwilhering.at\/shop\/wp-json\/wp\/v2\/pages\/14\/revisions"}],"predecessor-version":[{"id":318,"href":"https:\/\/stiftwilhering.at\/shop\/wp-json\/wp\/v2\/pages\/14\/revisions\/318"}],"wp:attachment":[{"href":"https:\/\/stiftwilhering.at\/shop\/wp-json\/wp\/v2\/media?parent=14"}],"curies":[{"name":"wp","href":"https:\/\/api.w.org\/{rel}","templated":true}]}}